{"id":148,"date":"2023-06-30T16:34:37","date_gmt":"2023-06-30T14:34:37","guid":{"rendered":"http:\/\/localhost\/frauenzentrumgf\/index.php\/events\/"},"modified":"2024-12-17T23:26:28","modified_gmt":"2024-12-17T22:26:28","slug":"events","status":"publish","type":"page","link":"https:\/\/frauenzentrum-gf.de\/index.php\/events\/","title":{"rendered":"Treffen &#8211; Workshops &#8211; Events"},"content":{"rendered":"\n<div class=\"wp-block-columns is-layout-flex wp-container-core-columns-is-layout-9d6595d7 wp-block-columns-is-layout-flex\">\n<div class=\"wp-block-column is-layout-flow wp-block-column-is-layout-flow\" style=\"flex-basis:33.33%\">\n<figure class=\"wp-block-image size-large\"><img loading=\"lazy\" decoding=\"async\" width=\"1024\" height=\"1024\" src=\"https:\/\/frauenzentrum-gf.de\/wp-content\/uploads\/2024\/06\/Design-ohne-Titel-2-1024x1024.png\" alt=\"\" class=\"wp-image-817\" srcset=\"https:\/\/frauenzentrum-gf.de\/wp-content\/uploads\/2024\/06\/Design-ohne-Titel-2-1024x1024.png 1024w, https:\/\/frauenzentrum-gf.de\/wp-content\/uploads\/2024\/06\/Design-ohne-Titel-2-300x300.png 300w, https:\/\/frauenzentrum-gf.de\/wp-content\/uploads\/2024\/06\/Design-ohne-Titel-2-150x150.png 150w, https:\/\/frauenzentrum-gf.de\/wp-content\/uploads\/2024\/06\/Design-ohne-Titel-2-768x768.png 768w, https:\/\/frauenzentrum-gf.de\/wp-content\/uploads\/2024\/06\/Design-ohne-Titel-2.png 1080w\" sizes=\"auto, (max-width: 1024px) 100vw, 1024px\" \/><\/figure>\n<\/div>\n\n\n\n<div class=\"wp-block-column has-medium-font-size is-layout-flow wp-block-column-is-layout-flow\" style=\"flex-basis:66.66%\">\n<p class=\"has-text-align-right\"><strong>MAGENTA<\/strong> &#8211; Gespr\u00e4chs- &amp; Diskussionsabend f\u00fcr Frauen<\/p>\n\n\n\n<p class=\"has-text-align-right popmake-874\">Gewalt-Pr\u00e4vention, Gl\u00fcck &amp; Politik.<br>Themen die Frauen immer mehr f\u00fcr sich entdecken.<br><br>Wir wollen mit Magenta dazu anregen, den weiblichen Aspekt in unserer Gesellschaft nach vorne und in alle Lebensbereiche zu bringen. <br><br><em><strong>Aktueller Termin und Thema<\/strong><\/em><\/p>\n<\/div>\n<\/div>\n\n\n\n<hr class=\"wp-block-separator has-alpha-channel-opacity\"\/>\n\n\n\n<div class=\"wp-block-columns is-layout-flex wp-container-core-columns-is-layout-9d6595d7 wp-block-columns-is-layout-flex\">\n<div class=\"wp-block-column has-medium-font-size is-layout-flow wp-block-column-is-layout-flow\" style=\"flex-basis:66.66%\">\n<p class=\"popmake-886\"><strong>MITBRINGFR\u00dcHST\u00dcCK<\/strong> &#8211; mit Referentinnen<br><br>Alle zwei Monate am ersten Donnerstag im Monat, findet das Frauenfr\u00fchst\u00fcck durch Anne Jonas statt. Um 9 Uhr startet das Fr\u00fchst\u00fcck mit Br\u00f6tchen, Kaffee, Tee und den mitgebrachten Bel\u00e4gen, Aufstrichen und Leckereien. Ab 10 Uhr geben eingeladene Referentinnen einen Einblick in ihre spannenden und wertvollen T\u00e4tigkeiten.<br><br><em><strong>Aktueller Termin und Infos<\/strong><\/em><\/p>\n<\/div>\n\n\n\n<div class=\"wp-block-column is-layout-flow wp-block-column-is-layout-flow\" style=\"flex-basis:33.33%\">\n<figure class=\"wp-block-image size-large\"><img loading=\"lazy\" decoding=\"async\" width=\"1024\" height=\"1024\" src=\"https:\/\/frauenzentrum-gf.de\/wp-content\/uploads\/2024\/06\/Design-ohne-Titel-3-1024x1024.png\" alt=\"\" class=\"wp-image-820\" srcset=\"https:\/\/frauenzentrum-gf.de\/wp-content\/uploads\/2024\/06\/Design-ohne-Titel-3-1024x1024.png 1024w, https:\/\/frauenzentrum-gf.de\/wp-content\/uploads\/2024\/06\/Design-ohne-Titel-3-300x300.png 300w, https:\/\/frauenzentrum-gf.de\/wp-content\/uploads\/2024\/06\/Design-ohne-Titel-3-150x150.png 150w, https:\/\/frauenzentrum-gf.de\/wp-content\/uploads\/2024\/06\/Design-ohne-Titel-3-768x768.png 768w, https:\/\/frauenzentrum-gf.de\/wp-content\/uploads\/2024\/06\/Design-ohne-Titel-3.png 1080w\" sizes=\"auto, (max-width: 1024px) 100vw, 1024px\" \/><\/figure>\n<\/div>\n<\/div>\n\n\n\n<hr class=\"wp-block-separator has-alpha-channel-opacity\"\/>\n\n\n\n<div class=\"wp-block-columns is-layout-flex wp-container-core-columns-is-layout-9d6595d7 wp-block-columns-is-layout-flex\">\n<div class=\"wp-block-column has-medium-font-size is-layout-flow wp-block-column-is-layout-flow\" style=\"flex-basis:66.66%\">\n<p><strong>FRAUENKINO<\/strong><\/p>\n\n\n\n<p>Einmal im Monat von Oktober bis M\u00e4rz, spielt das Citykino Gifhorn einen Film von und f\u00fcr Frauen. Internationale Filme mit Themen die unseren Alltag definieren, bewegend und motivierend.<br><br><em><strong> Einlass 19:30 Uhr<br><\/strong><\/em><\/p>\n\n\n\n<p><a href=\"https:\/\/frauenzentrum-gf.de\/wp-content\/uploads\/2024\/07\/Frauenkino-Programm-24-25.pdf\" data-type=\"link\" data-id=\"https:\/\/frauenzentrum-gf.de\/wp-content\/uploads\/2024\/07\/Frauenkino-Programm-24-25.pdf\">Kinoprogramm 2024\/25<\/a><\/p>\n<\/div>\n\n\n\n<div class=\"wp-block-column is-layout-flow wp-block-column-is-layout-flow\" style=\"flex-basis:33.33%\">\n<figure class=\"wp-block-image size-full\"><img loading=\"lazy\" decoding=\"async\" width=\"940\" height=\"788\" src=\"https:\/\/frauenzentrum-gf.de\/wp-content\/uploads\/2023\/07\/kino.png\" alt=\"\" class=\"wp-image-351\" srcset=\"https:\/\/frauenzentrum-gf.de\/wp-content\/uploads\/2023\/07\/kino.png 940w, https:\/\/frauenzentrum-gf.de\/wp-content\/uploads\/2023\/07\/kino-300x251.png 300w, https:\/\/frauenzentrum-gf.de\/wp-content\/uploads\/2023\/07\/kino-768x644.png 768w\" sizes=\"auto, (max-width: 940px) 100vw, 940px\" \/><\/figure>\n<\/div>\n<\/div>\n\n\n\n<hr class=\"wp-block-separator has-alpha-channel-opacity\"\/>\n\n\n\n<div class=\"wp-block-columns is-layout-flex wp-container-core-columns-is-layout-9d6595d7 wp-block-columns-is-layout-flex\">\n<div class=\"wp-block-column is-layout-flow wp-block-column-is-layout-flow\" style=\"flex-basis:33.33%\">\n<figure class=\"wp-block-image size-large\"><img loading=\"lazy\" decoding=\"async\" width=\"627\" height=\"1024\" src=\"https:\/\/frauenzentrum-gf.de\/wp-content\/uploads\/2024\/10\/WhatsApp-Image-2024-10-21-at-13.13.08-627x1024.jpeg\" alt=\"\" class=\"wp-image-968\" srcset=\"https:\/\/frauenzentrum-gf.de\/wp-content\/uploads\/2024\/10\/WhatsApp-Image-2024-10-21-at-13.13.08-627x1024.jpeg 627w, https:\/\/frauenzentrum-gf.de\/wp-content\/uploads\/2024\/10\/WhatsApp-Image-2024-10-21-at-13.13.08-184x300.jpeg 184w, https:\/\/frauenzentrum-gf.de\/wp-content\/uploads\/2024\/10\/WhatsApp-Image-2024-10-21-at-13.13.08-768x1254.jpeg 768w, https:\/\/frauenzentrum-gf.de\/wp-content\/uploads\/2024\/10\/WhatsApp-Image-2024-10-21-at-13.13.08-940x1536.jpeg 940w, https:\/\/frauenzentrum-gf.de\/wp-content\/uploads\/2024\/10\/WhatsApp-Image-2024-10-21-at-13.13.08.jpeg 1170w\" sizes=\"auto, (max-width: 627px) 100vw, 627px\" \/><\/figure>\n<\/div>\n\n\n\n<div class=\"wp-block-column is-layout-flow wp-block-column-is-layout-flow\" style=\"flex-basis:66.66%\">\n<p class=\"has-text-align-right has-medium-font-size\"><strong>Workshop- in Leichtigkeit zum Erfolg<\/strong><\/p>\n\n\n\n<p class=\"has-text-align-right\" style=\"font-size:15px\">Von Frauen f\u00fcr Frauen- von Herz zu Herz teile ich meine Erfolgstipps im Alltag mit euch.<\/p>\n\n\n\n<p class=\"has-text-align-right\" style=\"font-size:15px\">Als alleinerziehende Mama ist es oftmals nicht so einfach gewesen in der Leichtigkeit zu bleiben, alles f\u00fchlte sich schwer und hart an.<br>Wieder zur\u00fcck in meine weibliche Energie zu gehen, war ein Schl\u00fcssel dazu.<br>Ich teile in diesem Workshop meine Strategien und Tipps aus meinem Leben, die mir heute ein absolutes Leben in F\u00fclle, Leichtigkeit und Freiheit erm\u00f6glicht haben.<\/p>\n\n\n\n<p class=\"has-text-align-right\" style=\"font-size:15px\">Ich hab meinen absoluten Traummann an meiner Seite, der mich auf H\u00e4nden tr\u00e4gt, einen Job der mich von Herzen erf\u00fcllt und den ich mit viel Freude Erf\u00fcllung und in Leichtigkeit ausleben kann, reise viel mit meinen Kindern und bin unglaublich dankbar daf\u00fcr, aber das war nicht immer alles so rosarot. Ver\u00e4nderst du dich, ver\u00e4ndert sich alles mit dir und das durfte ich lernen und mag meinen Weg mit dir teilen.<\/p>\n\n\n\n<p class=\"has-text-align-right\" style=\"font-size:15px\">Ich freue mich auf dich<br>Nina<\/p>\n\n\n\n<p class=\"has-text-align-right\" style=\"font-size:15px\">Mittwoch, 23.10.24, 17 Uhr, im Frauenzentrum Gifhorn<br>Braunschweiger Str. 15<br>38518 Gifhorn<br>Anmeldung Tel. 05371 14360 (AB)<\/p>\n<\/div>\n<\/div>\n\n\n\n<hr class=\"wp-block-separator has-alpha-channel-opacity\"\/>\n\n\n\n<div class=\"wp-block-columns is-layout-flex wp-container-core-columns-is-layout-9d6595d7 wp-block-columns-is-layout-flex\">\n<div class=\"wp-block-column is-layout-flow wp-block-column-is-layout-flow\" style=\"font-size:15px;flex-basis:66.66%\">\n<p>Seit 35 Jahre gibt es das Frauenzentrum Frauen(t)r\u00e4ume e.V. Wenn das kein Grund zum Feiern ist. Durch die F\u00f6rderung der Landkreis Gifhorn Stiftung und der Sparkassenstiftung Gifhorn und Wolfsburg f\u00fcr Kultur und Soziales gelang es dem Verein die Musikerin Sarah Lesch nach Gifhorn einzuladen.<\/p>\n\n\n\n<p>Am 14.02.2025 k\u00f6nnen alle Gifhornerinnen und Gifhorner das Jubil\u00e4um des Frauenzentrum in der Grille bei dem WUNSCHKONZERT-Ein Liederabend mit Sarah Lesch mit dem Special Guest Philipp Wiechert (Gitarren, Banjo) feiern.<\/p>\n\n\n\n<p>Das Leben ist kein Wunschkonzert? Doch, mit Sarah Lesch schon. An diesem besonderen Liederabend. Ein Abend f\u00fcr eure Geschichten. Ein Abend f\u00fcr eure Liederw\u00fcnsche und zum Austauschen und Lauschen. Sarah Lesch, die H\u00fcterin der tr\u00f6stenden, vers\u00f6hnlichen Worte und Kl\u00e4nge, bringt mit ihrer Ukulele und gemeinsam mit ihrem Freund und Begleiter Philipp Wiechert an der Gitarre und dem Banjo Licht und Seelenw\u00e4rme in die dunkle und kalte Jahreszeit. Mit viel Musik und Poesie, Lieblingsliedern, Geschichten und ausgew\u00e4hlten St\u00fccken von Gerhard Sch\u00f6ne bis Bettina Wegner im Gep\u00e4ck, begibt sich die Liedermacherin auf eine ganz besondere Tour. Ein gemeinsamer Abend unter Freunden, mit viel Lachen und Liebe &#8211; f\u00fcr die ganze bekloppte Familie. Kitsch ohne Kitsch. \u201eEndlich d\u00fcrfen sich alle mal was w\u00fcnschen! Ganz nach meinem gro\u00dfen Vorbild Gerhard Sch\u00f6ne wird dieses Konzert von euren W\u00fcnschen und Geschichten leben. Weil es immer Themen gibt, die uns alle verbinden und betreffen. Egal wie alt wir sind oder wie unterschiedlich.\u201c (Zitat Sarah Lesch).<\/p>\n\n\n\n<p>Sarah Lesch, geboren 1986, geh\u00f6rt mit ihren nun f\u00fcnf Alben und zahlreichen Auszeichnungen zu den wichtigsten Protagonistinnen der neuen deutschen Liedermacherszene. Ihre lyrischen und feinsinnigen Songs behandeln das Gro\u00dfe im Kleinen und beobachten den Alltag und die Welt aus einer Perspektive, die immer nah am Geschehen ist und sich nicht scheut, auch bei den unbequemen Themen genau hinzuschauen. In ihren Liedern f\u00e4llt die Grenze zwischen Unterhaltung und Haltung. Nichts ist belanglos, alles ist wichtig. Selten werden die gesellschaftspolitischen Themen unserer Tage so umfassend auf den Punkt gebracht wie in ihren Texten. Philipp Wiechert hat sich in den letzten Jahren nicht nur als Solok\u00fcnstler, sondern auch als Bandleader, Komponist, Arrangeur und Theatermusiker einen herausragenden Ruf in der Musikszene im In- und Ausland erspielt.<\/p>\n\n\n\n<p>Tickets kosten 20 \u20ac inklusive Geb\u00fchren und sind in der Vorverkaufsstelle des Kulturverein Gifhorn und in der Grille erh\u00e4ltlich. Kartenzahlung ist nicht m\u00f6glich.<\/p>\n\n\n\n<p><strong>Frauenzentrum FRAUEN(T)R\u00c4UME, Braunschweiger Str. 15, 38518 Gifhorn<\/strong><\/p>\n\n\n\n<p><strong>Telefon: 05371\/14360<\/strong><\/p>\n<\/div>\n\n\n\n<div class=\"wp-block-column is-layout-flow wp-block-column-is-layout-flow\" style=\"flex-basis:33.33%\">\n<figure class=\"wp-block-image size-full\"><img loading=\"lazy\" decoding=\"async\" width=\"230\" height=\"320\" src=\"https:\/\/frauenzentrum-gf.de\/wp-content\/uploads\/2024\/12\/lesch.jpg\" alt=\"\" class=\"wp-image-974\" srcset=\"https:\/\/frauenzentrum-gf.de\/wp-content\/uploads\/2024\/12\/lesch.jpg 230w, https:\/\/frauenzentrum-gf.de\/wp-content\/uploads\/2024\/12\/lesch-216x300.jpg 216w\" sizes=\"auto, (max-width: 230px) 100vw, 230px\" \/><\/figure>\n\n\n\n<p style=\"font-size:18px\"><strong>Konzert zum 35. Jubil\u00e4um<\/strong><br><strong>des Frauenzentrums Frauen(t)r\u00e4ume e.V.<\/strong><br><strong>WUNSCHKONZERT-Ein Liederabend mit Sarah Lesch<\/strong><\/p>\n\n\n\n<p style=\"font-size:18px\"><strong>14.02.2025<\/strong><br><strong>19 Uhr<\/strong><br><strong>Einlass: 18:30 Uhr<\/strong><\/p>\n\n\n\n<p style=\"font-size:18px\"><strong>FBZ Grille<\/strong><br><strong>Ludwig-Jahn-Stra\u00dfe 12<\/strong><br><strong>38518 Gifhorn<\/strong><\/p>\n<\/div>\n<\/div>\n","protected":false},"excerpt":{"rendered":"<p>MAGENTA &#8211; Gespr\u00e4chs- &amp; Diskussionsabend f\u00fcr Frauen Gewalt-Pr\u00e4vention, Gl\u00fcck &amp; Politik.Themen die Frauen immer mehr f\u00fcr sich entdecken. Wir wollen mit Magenta dazu anregen, den weiblichen Aspekt in unserer Gesellschaft nach vorne und in alle Lebensbereiche zu bringen. Aktueller Termin und Thema MITBRINGFR\u00dcHST\u00dcCK &#8211; mit Referentinnen Alle zwei Monate am ersten Donnerstag im Monat, findet<\/p>\n<p class=\"more-link\"><a href=\"https:\/\/frauenzentrum-gf.de\/index.php\/events\/\" class=\"themebutton2\">Read More<\/a><\/p>\n","protected":false},"author":1,"featured_media":0,"parent":0,"menu_order":0,"comment_status":"closed","ping_status":"closed","template":"","meta":{"footnotes":""},"class_list":["post-148","page","type-page","status-publish","hentry"],"_links":{"self":[{"href":"https:\/\/frauenzentrum-gf.de\/index.php\/wp-json\/wp\/v2\/pages\/148","targetHints":{"allow":["GET"]}}],"collection":[{"href":"https:\/\/frauenzentrum-gf.de\/index.php\/wp-json\/wp\/v2\/pages"}],"about":[{"href":"https:\/\/frauenzentrum-gf.de\/index.php\/wp-json\/wp\/v2\/types\/page"}],"author":[{"embeddable":true,"href":"https:\/\/frauenzentrum-gf.de\/index.php\/wp-json\/wp\/v2\/users\/1"}],"replies":[{"embeddable":true,"href":"https:\/\/frauenzentrum-gf.de\/index.php\/wp-json\/wp\/v2\/comments?post=148"}],"version-history":[{"count":40,"href":"https:\/\/frauenzentrum-gf.de\/index.php\/wp-json\/wp\/v2\/pages\/148\/revisions"}],"predecessor-version":[{"id":976,"href":"https:\/\/frauenzentrum-gf.de\/index.php\/wp-json\/wp\/v2\/pages\/148\/revisions\/976"}],"wp:attachment":[{"href":"https:\/\/frauenzentrum-gf.de\/index.php\/wp-json\/wp\/v2\/media?parent=148"}],"curies":[{"name":"wp","href":"https:\/\/api.w.org\/{rel}","templated":true}]}}