{"id":2,"date":"2023-06-29T12:09:13","date_gmt":"2023-06-29T10:09:13","guid":{"rendered":"http:\/\/localhost\/frauenzentrumgf\/?page_id=2"},"modified":"2023-11-07T21:27:04","modified_gmt":"2023-11-07T20:27:04","slug":"beispiel-seite","status":"publish","type":"page","link":"https:\/\/frauenzentrum-gf.de\/","title":{"rendered":"Bist Du auf der Suche&#8230;"},"content":{"rendered":"\n<div class=\"wp-block-columns is-layout-flex wp-container-core-columns-is-layout-9d6595d7 wp-block-columns-is-layout-flex\">\n<div class=\"wp-block-column is-layout-flow wp-block-column-is-layout-flow\">\n<p style=\"font-size:16px\">Bist Du auf der Suche nach einem Ort, an dem Du als Frau Gemeinschaft, Zusammenhalt und Austausch findest? Unser Frauenzentrum bietet Dir eine Vielzahl an Angeboten, die speziell auf die Bed\u00fcrfnisse von Frauen zugeschnitten sind.\u00a0Nach Corona f\u00fchren wir unsere \u00fcber 30 Jahre lange Arbeit fort und setzten neue Akzente. Du wirst hier unterschiedliche Treffen, Workshops und Vortr\u00e4ge besuchen k\u00f6nnen, in denen Du Deine Pers\u00f6nlichkeit st\u00e4rken kannst. Vielleicht suchst Du auch einfach nach einem Ort zum Austausch und Entspannen mit anderen Frauen.<\/p>\n\n\n\n<p style=\"font-size:16px\"><em>F\u00fchle Dich eingeladen, unsere Homepage f\u00fcr Dich zu erforschen und erfahre, was wir f\u00fcr Dich bereithalten!<\/em><\/p>\n\n\n\n<div style=\"height:34px\" aria-hidden=\"true\" class=\"wp-block-spacer\"><\/div>\n\n\n\n<p class=\"has-text-align-right\" style=\"font-size:18px\"><strong>&#8222;Jeder gro\u00dfe Traum beginnt mit einem Tr\u00e4umer. Denke immer daran, dass du die Kraft, die Geduld und die Leidenschaft in dir tr\u00e4gst, nach den Sternen zu greifen, um die Welt zu ver\u00e4ndern.&#8220;<\/strong><\/p>\n\n\n\n<p class=\"has-text-align-right has-small-font-size\">Harriet Tubman, amerikanische Aktivistin, ca. 1820 -1913<\/p>\n<\/div>\n<\/div>\n\n\n\n<p><\/p>\n","protected":false},"excerpt":{"rendered":"<p>Bist Du auf der Suche nach einem Ort, an dem Du als Frau Gemeinschaft, Zusammenhalt und Austausch findest? Unser Frauenzentrum bietet Dir eine Vielzahl an Angeboten, die speziell auf die Bed\u00fcrfnisse von Frauen zugeschnitten sind.\u00a0Nach Corona f\u00fchren wir unsere \u00fcber 30 Jahre lange Arbeit fort und setzten neue Akzente. Du wirst hier unterschiedliche Treffen, Workshops<\/p>\n<p class=\"more-link\"><a href=\"https:\/\/frauenzentrum-gf.de\/\" class=\"themebutton2\">Read More<\/a><\/p>\n","protected":false},"author":1,"featured_media":0,"parent":0,"menu_order":0,"comment_status":"closed","ping_status":"open","template":"","meta":{"footnotes":""},"class_list":["post-2","page","type-page","status-publish","hentry"],"_links":{"self":[{"href":"https:\/\/frauenzentrum-gf.de\/index.php\/wp-json\/wp\/v2\/pages\/2","targetHints":{"allow":["GET"]}}],"collection":[{"href":"https:\/\/frauenzentrum-gf.de\/index.php\/wp-json\/wp\/v2\/pages"}],"about":[{"href":"https:\/\/frauenzentrum-gf.de\/index.php\/wp-json\/wp\/v2\/types\/page"}],"author":[{"embeddable":true,"href":"https:\/\/frauenzentrum-gf.de\/index.php\/wp-json\/wp\/v2\/users\/1"}],"replies":[{"embeddable":true,"href":"https:\/\/frauenzentrum-gf.de\/index.php\/wp-json\/wp\/v2\/comments?post=2"}],"version-history":[{"count":35,"href":"https:\/\/frauenzentrum-gf.de\/index.php\/wp-json\/wp\/v2\/pages\/2\/revisions"}],"predecessor-version":[{"id":712,"href":"https:\/\/frauenzentrum-gf.de\/index.php\/wp-json\/wp\/v2\/pages\/2\/revisions\/712"}],"wp:attachment":[{"href":"https:\/\/frauenzentrum-gf.de\/index.php\/wp-json\/wp\/v2\/media?parent=2"}],"curies":[{"name":"wp","href":"https:\/\/api.w.org\/{rel}","templated":true}]}}