{"id":39,"date":"2023-06-29T17:21:27","date_gmt":"2023-06-29T15:21:27","guid":{"rendered":"http:\/\/localhost\/frauenzentrumgf\/?page_id=39"},"modified":"2026-02-09T12:48:17","modified_gmt":"2026-02-09T11:48:17","slug":"ein-wir-fuer-frauen","status":"publish","type":"page","link":"https:\/\/frauenzentrum-gf.de\/index.php\/ein-wir-fuer-frauen\/","title":{"rendered":"Ein &#8222;WIR&#8220; f\u00fcr Frauen"},"content":{"rendered":"\n<div class=\"wp-block-columns is-layout-flex wp-container-core-columns-is-layout-9d6595d7 wp-block-columns-is-layout-flex\">\n<div class=\"wp-block-column is-layout-flow wp-block-column-is-layout-flow\" style=\"flex-basis:66.66%\">\n<p style=\"font-size:16px\">Im Jahr 1990 wurde der Grundstein f\u00fcr eine inspirierende Bewegung gelegt, die bis heute Frauen in ihrem Streben nach Gleichberechtigung unterst\u00fctzt: das Frauenzentrum Frauen(t)r\u00e4ume e.V. Seit Jahrzehnten haben sich zwar einige unserer Angebote ver\u00e4ndert, doch ein wichtiger Aspekt ist stets unver\u00e4ndert geblieben &#8211; unsere zentralen Inhalte und Ziele.<\/p>\n\n\n\n<p style=\"font-size:16px\">Als offenes Forum agieren wir \u00fcberparteilich, \u00fcberkonfessionell und generations\u00fcbergreifend. Unser Fokus liegt auf dem Einsatz f\u00fcr die Rechte der Frau und wir dienen als wichtige Plattform, um das vielf\u00e4ltige Engagement von Frauen in der Stadt und im Landkreis Gifhorn zu vernetzen.<\/p>\n\n\n\n<p style=\"font-size:16px\">In unserem Zentrum und bei unseren Veranstaltungen bieten wir Frauen einen Raum, in dem sie sich entfalten k\u00f6nnen. Unser Programm ist ohne Frage ein integraler Bestandteil der Region geworden und umfasst Kultur- und Bildungsveranstaltungen, inspirierende Vortr\u00e4ge, bereichernde Lesungen sowie regelm\u00e4\u00dfige Gruppenangebote. Durch diese facettenreichen Aktivit\u00e4ten tragen wir dazu bei, die Attraktivit\u00e4t der Region kontinuierlich zu steigern.<\/p>\n\n\n\n<p style=\"font-size:16px\">Mit unserem ehrenamtlichen Engagement setzen wir uns aktiv daf\u00fcr ein, dass Frauen in der Stadt und im Landkreis Gifhorn sichtbar werden und ihre Anliegen in die \u00d6ffentlichkeit tragen k\u00f6nnen. Wir sind fest davon \u00fcberzeugt, dass eine starke Frauen\u00f6ffentlichkeit essentiell ist, um gesellschaftlichen Wandel zu bewirken.<\/p>\n\n\n\n<p style=\"font-size:16px\">Jede Frau, die daran interessiert ist, bei uns mitzuwirken, ist herzlich willkommen. Wir begr\u00fc\u00dfen neue Ideen und sind stets offen f\u00fcr Anregungen. Gemeinsam k\u00f6nnen wir weiterhin einen bedeutenden Beitrag leisten und die Zukunft f\u00fcr Frauen in unserer Gemeinschaft gestalten.<\/p>\n<\/div>\n\n\n\n<div class=\"wp-block-column is-layout-flow wp-block-column-is-layout-flow\" style=\"flex-basis:38%\">\n<p class=\"has-small-font-size\">Vorstand Frauen(t)r\u00e4ume e.V.:<br>Simone Puppe, Evelyn Rohn-Stenzel, Inga Senkel<\/p>\n<\/div>\n<\/div>\n\n\n\n<hr class=\"wp-block-separator has-alpha-channel-opacity\"\/>\n\n\n\n<div class=\"wp-block-columns is-layout-flex wp-container-core-columns-is-layout-9d6595d7 wp-block-columns-is-layout-flex\">\n<div class=\"wp-block-column is-layout-flow wp-block-column-is-layout-flow\" style=\"flex-basis:33.33%\"><\/div>\n\n\n\n<div class=\"wp-block-column is-layout-flow wp-block-column-is-layout-flow\" style=\"flex-basis:66.66%\"><\/div>\n<\/div>\n\n\n\n<p><\/p>\n","protected":false},"excerpt":{"rendered":"<p>Im Jahr 1990 wurde der Grundstein f\u00fcr eine inspirierende Bewegung gelegt, die bis heute Frauen in ihrem Streben nach Gleichberechtigung unterst\u00fctzt: das Frauenzentrum Frauen(t)r\u00e4ume e.V. Seit Jahrzehnten haben sich zwar einige unserer Angebote ver\u00e4ndert, doch ein wichtiger Aspekt ist stets unver\u00e4ndert geblieben &#8211; unsere zentralen Inhalte und Ziele. Als offenes Forum agieren wir \u00fcberparteilich, \u00fcberkonfessionell<\/p>\n<p class=\"more-link\"><a href=\"https:\/\/frauenzentrum-gf.de\/index.php\/ein-wir-fuer-frauen\/\" class=\"themebutton2\">Read More<\/a><\/p>\n","protected":false},"author":1,"featured_media":0,"parent":0,"menu_order":0,"comment_status":"closed","ping_status":"closed","template":"","meta":{"footnotes":""},"class_list":["post-39","page","type-page","status-publish","hentry"],"_links":{"self":[{"href":"https:\/\/frauenzentrum-gf.de\/index.php\/wp-json\/wp\/v2\/pages\/39","targetHints":{"allow":["GET"]}}],"collection":[{"href":"https:\/\/frauenzentrum-gf.de\/index.php\/wp-json\/wp\/v2\/pages"}],"about":[{"href":"https:\/\/frauenzentrum-gf.de\/index.php\/wp-json\/wp\/v2\/types\/page"}],"author":[{"embeddable":true,"href":"https:\/\/frauenzentrum-gf.de\/index.php\/wp-json\/wp\/v2\/users\/1"}],"replies":[{"embeddable":true,"href":"https:\/\/frauenzentrum-gf.de\/index.php\/wp-json\/wp\/v2\/comments?post=39"}],"version-history":[{"count":12,"href":"https:\/\/frauenzentrum-gf.de\/index.php\/wp-json\/wp\/v2\/pages\/39\/revisions"}],"predecessor-version":[{"id":1000,"href":"https:\/\/frauenzentrum-gf.de\/index.php\/wp-json\/wp\/v2\/pages\/39\/revisions\/1000"}],"wp:attachment":[{"href":"https:\/\/frauenzentrum-gf.de\/index.php\/wp-json\/wp\/v2\/media?parent=39"}],"curies":[{"name":"wp","href":"https:\/\/api.w.org\/{rel}","templated":true}]}}