{"id":95,"date":"2023-06-29T19:57:09","date_gmt":"2023-06-29T17:57:09","guid":{"rendered":"http:\/\/localhost\/frauenzentrumgf\/?page_id=95"},"modified":"2024-10-21T13:21:01","modified_gmt":"2024-10-21T11:21:01","slug":"kooperationen","status":"publish","type":"page","link":"https:\/\/frauenzentrum-gf.de\/index.php\/kooperationen\/","title":{"rendered":"Hand in Hand"},"content":{"rendered":"\n<p style=\"font-size:13px\"><em>Unsere Zusammenarbeit  ist von entscheidender Bedeutung, denn sie erm\u00f6glicht es, gemeinsame Ziele effektiver zu erreichen und eine starke Stimme f\u00fcr unsere Anliegen zu bilden. Durch Kooperationen k\u00f6nnen wir individuelle F\u00e4higkeiten erweitern, St\u00e4rken vereinen, um innovative L\u00f6sungen f\u00fcr die Herausforderungen finden, mit denen wir t\u00e4glich konfrontiert sind. Unsere Zusammenarbeit f\u00f6rdert ein unterst\u00fctzendes Netzwerk, in dem wir uns gegenseitig ermutigen, inspirieren und unser Potenzial voll entfalten k\u00f6nnen. Indem wir solidarisch zusammenarbeiten, tragen wir dazu bei, eine gleichberechtigte und gerechtere Gesellschaft zu schaffen, in der die Belange und Rechte von uns nachhaltig gest\u00e4rkt werden.<\/em><\/p>\n\n\n\n<hr class=\"wp-block-separator has-alpha-channel-opacity\"\/>\n\n\n\n<div class=\"wp-block-columns is-layout-flex wp-container-core-columns-is-layout-9d6595d7 wp-block-columns-is-layout-flex\">\n<div class=\"wp-block-column is-layout-flow wp-block-column-is-layout-flow\" style=\"flex-basis:66.66%\">\n<p class=\"has-small-font-size\"><strong>Hebammenzentrale<\/strong><br>Am 09. Mai 2019 er\u00f6ffnete in unseren R\u00e4umen die Hebammenzentrale des Landkreises Gifhorn. Zusammen mit Veronika Bujny, Vorsitzende des Hebammenverbandes Niedersachsen e.V. und Dr. Andreas Ebel, Landrat des Landkreises Gifhorn, wurde die symbolische Nabelschnur getrennt.<br>Nun wird die Hebammenzentrale von <strong>Nina Petrakov<\/strong> und <strong>Tanja Neumann<\/strong> mit Leben gef\u00fcllt und wir bieten die R\u00e4umlichkeiten dazu.<br>Das Frauenzentrum freut sich, in dieser aktuell schwierigen Situation der ausreichenden Versorgung durch Hebammen, unterst\u00fctzend mitzuwirken.<br>Hierzu verweisen wir auf die Homepage der Hebammenzentrale unter\u00a0<a href=\"https:\/\/deref-web-02.de\/mail\/client\/x2EupzjD-4g\/dereferrer\/?redirectUrl=http%3A%2F%2Fwww.hebammenzentrale-landkreis-gifhorn.de\" target=\"_blank\" rel=\"noreferrer noopener\">www.hebammenzentrale-landkreis-gifhorn.de<\/a>.<\/p>\n<\/div>\n\n\n\n<div class=\"wp-block-column is-layout-flow wp-block-column-is-layout-flow\" style=\"flex-basis:33.33%\">\n<figure class=\"wp-block-image size-full is-resized\"><img loading=\"lazy\" decoding=\"async\" width=\"500\" height=\"375\" src=\"https:\/\/frauenzentrum-gf.org\/wp-content\/uploads\/2023\/07\/hebamme5.jpg\" alt=\"\" class=\"wp-image-191\" style=\"width:241px;height:180px\"\/><\/figure>\n<\/div>\n<\/div>\n\n\n\n<hr class=\"wp-block-separator has-alpha-channel-opacity\"\/>\n","protected":false},"excerpt":{"rendered":"<p>Unsere Zusammenarbeit ist von entscheidender Bedeutung, denn sie erm\u00f6glicht es, gemeinsame Ziele effektiver zu erreichen und eine starke Stimme f\u00fcr unsere Anliegen zu bilden. Durch Kooperationen k\u00f6nnen wir individuelle F\u00e4higkeiten erweitern, St\u00e4rken vereinen, um innovative L\u00f6sungen f\u00fcr die Herausforderungen finden, mit denen wir t\u00e4glich konfrontiert sind. Unsere Zusammenarbeit f\u00f6rdert ein unterst\u00fctzendes Netzwerk, in dem wir<\/p>\n<p class=\"more-link\"><a href=\"https:\/\/frauenzentrum-gf.de\/index.php\/kooperationen\/\" class=\"themebutton2\">Read More<\/a><\/p>\n","protected":false},"author":1,"featured_media":0,"parent":0,"menu_order":0,"comment_status":"closed","ping_status":"closed","template":"","meta":{"footnotes":""},"class_list":["post-95","page","type-page","status-publish","hentry"],"_links":{"self":[{"href":"https:\/\/frauenzentrum-gf.de\/index.php\/wp-json\/wp\/v2\/pages\/95","targetHints":{"allow":["GET"]}}],"collection":[{"href":"https:\/\/frauenzentrum-gf.de\/index.php\/wp-json\/wp\/v2\/pages"}],"about":[{"href":"https:\/\/frauenzentrum-gf.de\/index.php\/wp-json\/wp\/v2\/types\/page"}],"author":[{"embeddable":true,"href":"https:\/\/frauenzentrum-gf.de\/index.php\/wp-json\/wp\/v2\/users\/1"}],"replies":[{"embeddable":true,"href":"https:\/\/frauenzentrum-gf.de\/index.php\/wp-json\/wp\/v2\/comments?post=95"}],"version-history":[{"count":36,"href":"https:\/\/frauenzentrum-gf.de\/index.php\/wp-json\/wp\/v2\/pages\/95\/revisions"}],"predecessor-version":[{"id":966,"href":"https:\/\/frauenzentrum-gf.de\/index.php\/wp-json\/wp\/v2\/pages\/95\/revisions\/966"}],"wp:attachment":[{"href":"https:\/\/frauenzentrum-gf.de\/index.php\/wp-json\/wp\/v2\/media?parent=95"}],"curies":[{"name":"wp","href":"https:\/\/api.w.org\/{rel}","templated":true}]}}